{"id":1437,"date":"2018-08-03T09:18:52","date_gmt":"2018-08-03T09:18:52","guid":{"rendered":"http:\/\/production.vizionalproduction.website\/?page_id=1437"},"modified":"2021-02-15T12:42:58","modified_gmt":"2021-02-15T12:42:58","slug":"about-us","status":"publish","type":"page","link":"https:\/\/vizionalproduction.com\/al\/about-us\/","title":{"rendered":"Rreth nesh"},"content":{"rendered":"<p>[vc_row full_width=&#8221;stretch_row&#8221; css=&#8221;.vc_custom_1533288385324{background-image: url(http:\/\/vizionalproduction.com\/wp-content\/uploads\/2018\/08\/baner-foto.jpg?id=1424) !important;background-position: center !important;background-repeat: no-repeat !important;background-size: cover !important;}&#8221;][vc_column][vc_empty_space height=&#8221;150px&#8221;][vc_custom_heading text=&#8221;&#8221; font_container=&#8221;tag:h2|font_size:35px|text_align:center|color:%23252525|line_height:38px&#8221; use_theme_fonts=&#8221;yes&#8221;][vc_empty_space height=&#8221;150px&#8221;][\/vc_column][\/vc_row][vc_row][vc_column][vc_empty_space height=&#8221;30px&#8221;][vc_column_text css_animation=&#8221;right-to-left&#8221;]<img class=\"alignleft\" style=\"width: 300px; height: 280px;\" src=\"http:\/\/vizionalproduction.com\/wp-content\/uploads\/2018\/08\/about-us-photo.png\"><b>Vizional Production <\/b>, \u00ebsht\u00eb pjes\u00eb e Grupit <b><a style=\"color: #f85252;\" href=\"http:\/\/vizion.al\/\">Vizional<\/a><\/b>, lider n\u00eb fush\u00ebn audioviziuale dhe promocionit. Ne jemi nj\u00eb kompani e krijuar n\u00eb vitin 2006, q\u00eb ndodhet n\u00eb Tiran\u00eb, Shqip\u00ebri. Misioni yn\u00eb \u00ebsht\u00eb t\u00eb promovoj\u00eb trashgimin\u00eb kulturore mbar\u00ebshqiptare. Stafi yn\u00eb ka eksperienc\u00eb n\u00eb disa projekte promovuese n\u00eb shum\u00eb parqe e site arkeologjike, t\u00eb cilat jan\u00eb promovuese p\u00ebr turizmin historiko-kulturor n\u00eb Shqip\u00ebri. Produksionet tona i kan\u00eb kushtuar r\u00ebnd\u00ebsi specifike ngritjes n\u00eb plateforma 2 dhe 3 dimensionale t\u00eb monumenteve m\u00eb t\u00eb r\u00ebnd\u00ebsishme arkeologjike e historike shqiptare. Gjith\u00e7ka e realizuar me besnik\u00ebri apsolute, sipas ekspertiz\u00ebs s\u00eb arkeolog\u00ebve, historian\u00ebve dhe arkifakteve shqiptar\u00eb e t\u00eb huaj. K\u00ebtu mund t\u00eb p\u00ebrmendim realizimet tona n\u00eb disa dokumentar\u00eb dhe spote promovuese p\u00ebr tregun europian e bot\u00ebror, p\u00ebr t\u00eb gjitha monumentet kryesore shqiptare si: Butrinti, Lissusi, Apollonia, Dyrahu, Bylis, Atigoneja, etj.<br \/>\nVizional Production gjithashtu ka si q\u00ebllim mb\u00ebshtetjen dhe promovimin e gjith\u00eb artist\u00ebve shqiptar\u00eb, si brenda ashtu edhe jasht\u00eb vendit. Ne sjellim p\u00ebr gjith\u00eb artist\u00ebt n\u00eb fush\u00ebn e k\u00ebng\u00ebs, kinematografis\u00eb e modelimit, prodhime cil\u00ebsore audiovizuale. Vizional Production fton k\u00ebng\u00ebtar\u00ebt e njohur, por edhe ata t\u00eb rinj e ata q\u00eb aspirojne t\u2019i futen fush\u00ebs s\u00eb artit t\u2019i besojn\u00eb profesionalizmit dhe korrekt\u00ebsis\u00eb s\u00eb Vizional, pasi ne jemi nj\u00eb \u00e7el\u00ebs suksesi p\u00ebr muzikant\u00ebt e \u00e7do zhanri, aktor\u00ebt e \u00e7do kalibri e yjeve t\u00eb modelingut! Vizional Production ofron sh\u00ebrbim t\u00eb plot\u00eb, p\u00ebr p\u00ebrfundimin e nj\u00eb projekti filmik n\u00eb fush\u00ebn e pre-produksionit, post-produksionit, editimit dhe finalizimit me cil\u00ebsi t\u00eb lart\u00eb krijuese n\u00eb efektet vizuale dhe CGI\/3D, ofrojm\u00eb VFX on set, animacione n\u00eb industrin\u00eb e filmit dhe reklamave, editim, kompozim p\u00ebr projekte p\u00ebr f\u00ebmij\u00eb dhe t\u00eb rritur, photoshooting, spote publicitare, trailera, videoklipe muzikore, dokumentar\u00eb, filma si dhe dublime t\u00eb ndryshme.<br \/>\nGjithashtu japim edhe ambiente me qira p\u00ebr producent\u00ebt audio-vizual\u00eb.[\/vc_column_text][vc_empty_space height=&#8221;30px&#8221;][\/vc_column][\/vc_row][vc_row full_width=&#8221;stretch_row&#8221; parallax=&#8221;content-moving&#8221; css=&#8221;.vc_custom_1475655500111{background-image: url(http:\/\/production.vizionalproduction.website\/wp-content\/uploads\/2016\/10\/pexels-photo-53265.jpeg?id=642) !important;background-position: center;background-repeat: no-repeat !important;background-size: cover !important;}&#8221;][vc_column][vc_empty_space height=&#8221;200px&#8221;][vc_row_inner][vc_column_inner width=&#8221;1\/4&#8243;][Numbers number_alignment=&#8221;center&#8221; style_color=&#8221;#252525&#8243; sub_style_color=&#8221;#e24e42&#8243; view_animate=&#8221;fadeInLeft&#8221; subject=&#8221;Spote &amp; Trailera&#8221; number=&#8221;599&#8243; no_size_tag=&#8221;60px&#8221;][\/vc_column_inner][vc_column_inner width=&#8221;1\/4&#8243;][Numbers number_alignment=&#8221;center&#8221; style_color=&#8221;#252525&#8243; sub_style_color=&#8221;#e24e42&#8243; view_animate=&#8221;fadeInLeft&#8221; subject=&#8221;Dokumentar\u00eb&#8221; number=&#8221;58&#8243; no_size_tag=&#8221;60px&#8221;][\/vc_column_inner][vc_column_inner width=&#8221;1\/4&#8243;][Numbers number_alignment=&#8221;center&#8221; style_color=&#8221;#252525&#8243; sub_style_color=&#8221;#e24e42&#8243; view_animate=&#8221;fadeInRight&#8221; subject=&#8221;Tekste &#8221; number=&#8221;5281&#8243; no_size_tag=&#8221;60px&#8221;][\/vc_column_inner][vc_column_inner width=&#8221;1\/4&#8243;][Numbers number_alignment=&#8221;center&#8221; style_color=&#8221;#252525&#8243; sub_style_color=&#8221;#e24e42&#8243; view_animate=&#8221;fadeInRight&#8221; subject=&#8221;Videoklipe&#8221; number=&#8221;105&#8243; no_size_tag=&#8221;60px&#8221;][\/vc_column_inner][\/vc_row_inner][vc_empty_space height=&#8221;200px&#8221;][\/vc_column][\/vc_row][vc_row][vc_column][vc_empty_space][\/vc_column][\/vc_row][vc_row][vc_column width=&#8221;1\/4&#8243;][vc_single_image image=&#8221;1427&#8243; img_size=&#8221;large&#8221;][\/vc_column][vc_column width=&#8221;1\/4&#8243;][vc_single_image image=&#8221;1428&#8243; img_size=&#8221;large&#8221;][\/vc_column][vc_column width=&#8221;1\/4&#8243;][vc_single_image image=&#8221;1426&#8243; img_size=&#8221;large&#8221;][\/vc_column][vc_column width=&#8221;1\/4&#8243;][vc_single_image image=&#8221;1432&#8243; img_size=&#8221;large&#8221;][\/vc_column][\/vc_row][vc_row][vc_column width=&#8221;1\/4&#8243;][vc_single_image image=&#8221;1429&#8243; img_size=&#8221;large&#8221;][\/vc_column][vc_column width=&#8221;1\/4&#8243;][vc_single_image image=&#8221;1431&#8243; img_size=&#8221;large&#8221;][\/vc_column][vc_column width=&#8221;1\/4&#8243;][vc_single_image image=&#8221;1430&#8243; img_size=&#8221;large&#8221;][\/vc_column][vc_column width=&#8221;1\/4&#8243;][vc_single_image image=&#8221;1433&#8243; img_size=&#8221;large&#8221;][\/vc_column][\/vc_row]<\/p>","protected":false},"excerpt":{"rendered":"<p>[vc_row full_width=&#8221;stretch_row&#8221; css=&#8221;.vc_custom_1533288385324{background-image: url(http:\/\/vizionalproduction.com\/wp-content\/uploads\/2018\/08\/baner-foto.jpg?id=1424) !important;background-position: center !important;background-repeat: no-repeat !important;background-size: cover !important;}&#8221;][vc_column][vc_empty_space height=&#8221;150px&#8221;][vc_custom_heading text=&#8221;&#8221; font_container=&#8221;tag:h2|font_size:35px|text_align:center|color:%23252525|line_height:38px&#8221; use_theme_fonts=&#8221;yes&#8221;][vc_empty_space height=&#8221;150px&#8221;][\/vc_column][\/vc_row][vc_row][vc_column][vc_empty_space height=&#8221;30px&#8221;][vc_column_text css_animation=&#8221;right-to-left&#8221;]Vizional Production , \u00ebsht\u00eb pjes\u00eb e Grupit Vizional, lider n\u00eb fush\u00ebn audioviziuale dhe promocionit. Ne jemi nj\u00eb kompani e krijuar n\u00eb vitin 2006, q\u00eb ndodhet n\u00eb Tiran\u00eb, Shqip\u00ebri. Misioni yn\u00eb \u00ebsht\u00eb t\u00eb promovoj\u00eb trashgimin\u00eb kulturore mbar\u00ebshqiptare. Stafi yn\u00eb [&hellip;]<\/p>\n","protected":false},"author":1,"featured_media":0,"parent":0,"menu_order":0,"comment_status":"closed","ping_status":"closed","template":"","meta":{"_monsterinsights_skip_tracking":false,"_monsterinsights_sitenote_active":false,"_monsterinsights_sitenote_note":"","_monsterinsights_sitenote_category":0},"_links":{"self":[{"href":"https:\/\/vizionalproduction.com\/al\/wp-json\/wp\/v2\/pages\/1437"}],"collection":[{"href":"https:\/\/vizionalproduction.com\/al\/wp-json\/wp\/v2\/pages"}],"about":[{"href":"https:\/\/vizionalproduction.com\/al\/wp-json\/wp\/v2\/types\/page"}],"author":[{"embeddable":true,"href":"https:\/\/vizionalproduction.com\/al\/wp-json\/wp\/v2\/users\/1"}],"replies":[{"embeddable":true,"href":"https:\/\/vizionalproduction.com\/al\/wp-json\/wp\/v2\/comments?post=1437"}],"version-history":[{"count":8,"href":"https:\/\/vizionalproduction.com\/al\/wp-json\/wp\/v2\/pages\/1437\/revisions"}],"predecessor-version":[{"id":1715,"href":"https:\/\/vizionalproduction.com\/al\/wp-json\/wp\/v2\/pages\/1437\/revisions\/1715"}],"wp:attachment":[{"href":"https:\/\/vizionalproduction.com\/al\/wp-json\/wp\/v2\/media?parent=1437"}],"curies":[{"name":"wp","href":"https:\/\/api.w.org\/{rel}","templated":true}]}}