{"id":101,"date":"2016-10-01T07:00:46","date_gmt":"2016-10-01T07:00:46","guid":{"rendered":"http:\/\/posimyththemes.com\/thepassion\/the-video\/?page_id=101"},"modified":"2021-02-15T13:01:59","modified_gmt":"2021-02-15T13:01:59","slug":"home","status":"publish","type":"page","link":"https:\/\/vizionalproduction.com\/al\/","title":{"rendered":"Home"},"content":{"rendered":"<p><\/p>\n<p>[vc_row full_width=&#8221;stretch_row_content_no_spaces&#8221;][vc_column][rev_slider_vc alias=&#8221;production1&#8243;][\/vc_column][\/vc_row][vc_row full_width=&#8221;stretch_row&#8221; equal_height=&#8221;yes&#8221; css=&#8221;.vc_custom_1476360087202{background-color: #ededed !important;}&#8221;][vc_column css=&#8221;.vc_custom_1476342862283{padding-top: 0px !important;}&#8221;][vc_empty_space height=&#8221;50px&#8221;][vc_custom_heading text=&#8221;Spote &amp; Trailera&#8221; font_container=&#8221;tag:h2|font_size:30px|text_align:center|color:%23e24e42|line_height:32px&#8221; use_theme_fonts=&#8221;yes&#8221;][vc_separator el_width=&#8221;10&#8243; css=&#8221;.vc_custom_1476351405427{margin-top: 10px !important;margin-bottom: 10px !important;}&#8221;][vc_column_text css=&#8221;.vc_custom_1533544203265{margin-bottom: 0px !important;padding-bottom: 0px !important;}&#8221;]<\/p>\n<h3 style=\"text-align: center;\"><em>Videot dhe Spotet m\u00eb t<\/em><em>\u00eb mira trendi i fundit<\/em><\/h3>\n<p>[\/vc_column_text][vc_row_inner][vc_column_inner width=&#8221;1\/4&#8243; css=&#8221;.vc_custom_1476360079170{padding-top: 0px !important;padding-right: 0px !important;}&#8221;][vc_empty_space height=&#8221;30px&#8221;][video_posts video_category=&#8221;Animations&#8221; display_post=&#8221;1&#8243; column_btw_space=&#8221;true&#8221;][\/vc_column_inner][vc_column_inner width=&#8221;3\/4&#8243; css=&#8221;.vc_custom_1476342873923{padding-top: 0px !important;}&#8221;][vc_empty_space height=&#8221;30px&#8221;][video_posts video_category=&#8221; Spots &amp; Trailers&#8221; no_of_column=&#8221;3&#8243; display_post=&#8221;5&#8243;][\/vc_column_inner][\/vc_row_inner][\/vc_column][\/vc_row][vc_row equal_height=&#8221;yes&#8221;][vc_column css=&#8221;.vc_custom_1476075571892{padding-top: 0px !important;padding-right: 0px !important;padding-left: 0px !important;}&#8221;][vc_empty_space height=&#8221;50px&#8221;][vc_custom_heading text=&#8221;M\u00eb t\u00eb Fundit&#8221; font_container=&#8221;tag:h2|font_size:30px|text_align:center|color:%23e24e42|line_height:32px&#8221; use_theme_fonts=&#8221;yes&#8221;][vc_separator el_width=&#8221;10&#8243; css=&#8221;.vc_custom_1476351405427{margin-top: 10px !important;margin-bottom: 10px !important;}&#8221;][vc_empty_space height=&#8221;30px&#8221;][video_posts video_category=&#8221;The Lastest Videos&#8221; no_of_column=&#8221;2&#8243; display_post=&#8221;4&#8243;][vc_empty_space height=&#8221;50px&#8221;][\/vc_column][\/vc_row][vc_row equal_height=&#8221;yes&#8221;][vc_column css=&#8221;.vc_custom_1476075571892{padding-top: 0px !important;padding-right: 0px !important;padding-left: 0px !important;}&#8221;][vc_empty_space height=&#8221;50px&#8221;][vc_custom_heading text=&#8221;Muzik\u00eb&#8221; font_container=&#8221;tag:h2|font_size:30px|text_align:center|color:%23e24e42|line_height:32px&#8221; use_theme_fonts=&#8221;yes&#8221;][vc_separator el_width=&#8221;10&#8243; css=&#8221;.vc_custom_1476351405427{margin-top: 10px !important;margin-bottom: 10px !important;}&#8221;][vc_empty_space height=&#8221;30px&#8221;][vc_empty_space height=&#8221;50px&#8221;][video_posts video_category=&#8221;Folk Music,Music&#8221; no_of_column=&#8221;2&#8243; display_post=&#8221;2&#8243;][\/vc_column][\/vc_row][vc_row full_width=&#8221;stretch_row&#8221; equal_height=&#8221;yes&#8221; css=&#8221;.vc_custom_1475836082091{background-color: #e24e42 !important;}&#8221;][vc_column css=&#8221;.vc_custom_1476075596922{padding-top: 0px !important;padding-right: 0px !important;padding-left: 0px !important;}&#8221;][vc_empty_space height=&#8221;50px&#8221;][vc_custom_heading text=&#8221;Dokumentar\u00eb&#8221; font_container=&#8221;tag:h2|font_size:30px|text_align:center|color:%23252525|line_height:32px&#8221; use_theme_fonts=&#8221;yes&#8221;][vc_separator el_width=&#8221;10&#8243; css=&#8221;.vc_custom_1476351405427{margin-top: 10px !important;margin-bottom: 10px !important;}&#8221;][vc_column_text css=&#8221;.vc_custom_1533298300922{margin-bottom: 0px !important;padding-bottom: 0px !important;}&#8221;]<\/p>\n<h3 style=\"text-align: center; color: #ededed;\"><em>Documentar\u00ebt me fokus bukurit\u00eb natyrore <\/em><\/h3>\n<p>[\/vc_column_text][vc_empty_space height=&#8221;30px&#8221;][video_posts video_style=&#8221;style_2&#8243; video_category=&#8221;Documentary&#8221; no_of_column=&#8221;2&#8243; display_post=&#8221;2&#8243;][vc_empty_space height=&#8221;50px&#8221;][\/vc_column][\/vc_row][vc_row][vc_column css=&#8221;.vc_custom_1476354144964{padding-top: 0px !important;}&#8221;][vc_empty_space height=&#8221;50px&#8221;][vc_custom_heading text=&#8221;Videot M\u00eb T\u00eb Para&#8221; font_container=&#8221;tag:h2|font_size:30px|text_align:center|color:%23e24e42|line_height:32px&#8221; use_theme_fonts=&#8221;yes&#8221;][vc_separator el_width=&#8221;10&#8243; css=&#8221;.vc_custom_1476351405427{margin-top: 10px !important;margin-bottom: 10px !important;}&#8221;][vc_column_text css=&#8221;.vc_custom_1533544288005{margin-bottom: 0px !important;padding-bottom: 0px !important;}&#8221;]<\/p>\n<h3 style=\"text-align: center; color: #737373;\"><em>Mos jetoni me t\u00eb kaluar\u00ebn, mos \u00ebnd\u00ebrroni p\u00ebr t\u00eb ardhmen, p\u00ebrqendrojeni mendjen n\u00eb momentin aktual&#8230;<\/em><\/h3>\n<p>[\/vc_column_text][vc_empty_space height=&#8221;30px&#8221;][\/vc_column][\/vc_row][vc_row full_width=&#8221;stretch_row&#8221; equal_height=&#8221;yes&#8221;][vc_column width=&#8221;1\/3&#8243; css=&#8221;.vc_custom_1475837377707{padding-top: 0px !important;padding-right: 0px !important;}&#8221;][vc_empty_space height=&#8221;30px&#8221;][vc_row_inner css=&#8221;.vc_custom_1475837945807{padding-right: 0px !important;padding-left: 0px !important;}&#8221;][vc_column_inner css=&#8221;.vc_custom_1475837941694{padding-right: 0px !important;padding-left: 0px !important;}&#8221;][video_posts video_style=&#8221;style_4&#8243; video_category=&#8221;Spots &amp; Trailers&#8221; no_of_column=&#8221;2&#8243; display_post=&#8221;2&#8243; sort_order=&#8221;ASC&#8221;][\/vc_column_inner][\/vc_row_inner][vc_row_inner css=&#8221;.vc_custom_1475837949840{padding-right: 0px !important;padding-left: 0px !important;}&#8221;][vc_column_inner css=&#8221;.vc_custom_1475837954229{padding-right: 0px !important;padding-left: 0px !important;}&#8221;][video_posts video_style=&#8221;style_4&#8243; video_category=&#8221;Animations&#8221; no_of_column=&#8221;2&#8243; display_post=&#8221;2&#8243;][\/vc_column_inner][\/vc_row_inner][vc_empty_space height=&#8221;50px&#8221;][\/vc_column][vc_column width=&#8221;1\/3&#8243; css=&#8221;.vc_custom_1475837761824{padding-top: 0px !important;background-color: #e0e0e0 !important;}&#8221;][vc_empty_space height=&#8221;30px&#8221;][video_posts video_style=&#8221;style_2&#8243; video_category=&#8221;Documentary&#8221; display_post=&#8221;1&#8243; sort_order=&#8221;ASC&#8221;][vc_empty_space height=&#8221;50px&#8221;][\/vc_column][vc_column width=&#8221;1\/3&#8243; css=&#8221;.vc_custom_1475837383037{padding-top: 0px !important;padding-left: 0px !important;}&#8221;][vc_empty_space height=&#8221;30px&#8221;][vc_row_inner css=&#8221;.vc_custom_1475838017381{padding-right: 0px !important;padding-left: 0px !important;}&#8221;][vc_column_inner css=&#8221;.vc_custom_1475838022112{padding-right: 0px !important;padding-left: 0px !important;}&#8221;][video_posts video_style=&#8221;style_4&#8243; video_category=&#8221;Videoclips&#8221; no_of_column=&#8221;2&#8243; display_post=&#8221;2&#8243; sort_order=&#8221;ASC&#8221;][\/vc_column_inner][\/vc_row_inner][vc_row_inner css=&#8221;.vc_custom_1475838026501{padding-right: 0px !important;padding-left: 0px !important;}&#8221;][vc_column_inner css=&#8221;.vc_custom_1475838031287{padding-right: 0px !important;padding-left: 0px !important;}&#8221;][video_posts video_style=&#8221;style_4&#8243; video_category=&#8221;Famous&#8221; no_of_column=&#8221;2&#8243; display_post=&#8221;2&#8243;][\/vc_column_inner][\/vc_row_inner][vc_empty_space height=&#8221;50px&#8221;][\/vc_column][\/vc_row][vc_row full_width=&#8221;stretch_row&#8221; equal_height=&#8221;yes&#8221; css=&#8221;.vc_custom_1476360087202{background-color: #ededed !important;}&#8221;][vc_column css=&#8221;.vc_custom_1476342862283{padding-top: 0px !important;}&#8221;][vc_empty_space height=&#8221;50px&#8221;][vc_custom_heading text=&#8221;Videoklipet&#8221; font_container=&#8221;tag:h2|font_size:30px|text_align:center|color:%23e24e42|line_height:32px&#8221; use_theme_fonts=&#8221;yes&#8221;][vc_separator el_width=&#8221;10&#8243; css=&#8221;.vc_custom_1476351405427{margin-top: 10px !important;margin-bottom: 10px !important;}&#8221;][vc_column_text css=&#8221;.vc_custom_1533296826958{margin-bottom: 0px !important;padding-bottom: 0px !important;}&#8221;]<\/p>\n<h3 style=\"text-align: center;\"><em>Videoklipet m\u00eb te mira me k\u00ebng\u00ebtar\u00ebt e fundit<\/em><\/h3>\n<p>[\/vc_column_text][vc_row_inner][vc_column_inner css=&#8221;.vc_custom_1476360079170{padding-top: 0px !important;padding-right: 0px !important;}&#8221;][vc_empty_space height=&#8221;30px&#8221;][video_posts video_category=&#8221;Videoclips&#8221; no_of_column=&#8221;2&#8243; display_post=&#8221;2&#8243;][\/vc_column_inner][\/vc_row_inner][\/vc_column][\/vc_row][vc_row full_width=&#8221;stretch_row&#8221; css=&#8221;.vc_custom_1476446958089{background-image: url(http:\/\/posimyththemes.com\/thepassion\/the-video\/wp-content\/uploads\/2016\/09\/uvbg.jpg?id=1145) !important;background-position: center !important;background-repeat: no-repeat !important;background-size: cover !important;}&#8221;][vc_column css=&#8221;.vc_custom_1476443943554{padding-top: 0px !important;}&#8221;][vc_empty_space height=&#8221;50px&#8221;][vc_single_image image=&#8221;1150&#8243; img_size=&#8221;full&#8221; alignment=&#8221;center&#8221; onclick=&#8221;custom_link&#8221; img_link_target=&#8221;_blank&#8221; link=&#8221;https:\/\/themeforest.net\/item\/the-passion-multipurpose-movie-music-wp-theme\/16365344?ref=posimyththemes&#8221; css=&#8221;.vc_custom_1476510999828{margin-bottom: 0px !important;}&#8221;][vc_empty_space height=&#8221;50px&#8221;][\/vc_column][\/vc_row][vc_row full_width=&#8221;stretch_row&#8221;][vc_column css=&#8221;.vc_custom_1475563034446{padding-top: 0px !important;}&#8221;][vc_empty_space height=&#8221;25px&#8221;][vc_row_inner][vc_column_inner width=&#8221;2\/3&#8243; css=&#8221;.vc_custom_1475648832577{padding-top: 0px !important;}&#8221;][video_posts video_style=&#8221;style_2&#8243; video_category=&#8221;Animations&#8221; no_of_column=&#8221;2&#8243; display_post=&#8221;4&#8243;][\/vc_column_inner][vc_column_inner width=&#8221;1\/3&#8243; css=&#8221;.vc_custom_1475648859361{padding-top: 0px !important;}&#8221;][video_posts video_style=&#8221;style_5&#8243; video_category=&#8221;Audio Recording&#8221; display_post=&#8221;5&#8243;][\/vc_column_inner][\/vc_row_inner][vc_empty_space height=&#8221;50px&#8221;][\/vc_column][\/vc_row]<\/p>\n<p><\/p>","protected":false},"excerpt":{"rendered":"<p>[vc_row full_width=&#8221;stretch_row_content_no_spaces&#8221;][vc_column][rev_slider_vc alias=&#8221;production1&#8243;][\/vc_column][\/vc_row][vc_row full_width=&#8221;stretch_row&#8221; equal_height=&#8221;yes&#8221; css=&#8221;.vc_custom_1476360087202{background-color: #ededed !important;}&#8221;][vc_column css=&#8221;.vc_custom_1476342862283{padding-top: 0px !important;}&#8221;][vc_empty_space height=&#8221;50px&#8221;][vc_custom_heading text=&#8221;Spote &amp; Trailera&#8221; font_container=&#8221;tag:h2|font_size:30px|text_align:center|color:%23e24e42|line_height:32px&#8221; use_theme_fonts=&#8221;yes&#8221;][vc_separator el_width=&#8221;10&#8243; css=&#8221;.vc_custom_1476351405427{margin-top: 10px !important;margin-bottom: 10px !important;}&#8221;][vc_column_text css=&#8221;.vc_custom_1533544203265{margin-bottom: 0px !important;padding-bottom: 0px !important;}&#8221;] Videot dhe Spotet m\u00eb t\u00eb mira trendi i fundit [\/vc_column_text][vc_row_inner][vc_column_inner width=&#8221;1\/4&#8243; css=&#8221;.vc_custom_1476360079170{padding-top: 0px !important;padding-right: 0px !important;}&#8221;][vc_empty_space height=&#8221;30px&#8221;][video_posts video_category=&#8221;Animations&#8221; display_post=&#8221;1&#8243; column_btw_space=&#8221;true&#8221;][\/vc_column_inner][vc_column_inner width=&#8221;3\/4&#8243; css=&#8221;.vc_custom_1476342873923{padding-top: 0px !important;}&#8221;][vc_empty_space height=&#8221;30px&#8221;][video_posts video_category=&#8221; Spots [&hellip;]<\/p>\n","protected":false},"author":1,"featured_media":0,"parent":0,"menu_order":0,"comment_status":"closed","ping_status":"closed","template":"","meta":{"_monsterinsights_skip_tracking":false,"_monsterinsights_sitenote_active":false,"_monsterinsights_sitenote_note":"","_monsterinsights_sitenote_category":0},"_links":{"self":[{"href":"https:\/\/vizionalproduction.com\/al\/wp-json\/wp\/v2\/pages\/101"}],"collection":[{"href":"https:\/\/vizionalproduction.com\/al\/wp-json\/wp\/v2\/pages"}],"about":[{"href":"https:\/\/vizionalproduction.com\/al\/wp-json\/wp\/v2\/types\/page"}],"author":[{"embeddable":true,"href":"https:\/\/vizionalproduction.com\/al\/wp-json\/wp\/v2\/users\/1"}],"replies":[{"embeddable":true,"href":"https:\/\/vizionalproduction.com\/al\/wp-json\/wp\/v2\/comments?post=101"}],"version-history":[{"count":56,"href":"https:\/\/vizionalproduction.com\/al\/wp-json\/wp\/v2\/pages\/101\/revisions"}],"predecessor-version":[{"id":1717,"href":"https:\/\/vizionalproduction.com\/al\/wp-json\/wp\/v2\/pages\/101\/revisions\/1717"}],"wp:attachment":[{"href":"https:\/\/vizionalproduction.com\/al\/wp-json\/wp\/v2\/media?parent=101"}],"curies":[{"name":"wp","href":"https:\/\/api.w.org\/{rel}","templated":true}]}}